{"id":1573,"date":"2019-01-11T14:39:47","date_gmt":"2019-01-11T13:39:47","guid":{"rendered":"https:\/\/www.seagreen-campings.com\/recevez-notre-brochure\/"},"modified":"2019-02-01T14:25:29","modified_gmt":"2019-02-01T13:25:29","slug":"erhalten-sie-unsere-broschure","status":"publish","type":"page","link":"https:\/\/www.seagreen-campings.com\/de\/erhalten-sie-unsere-broschure\/","title":{"rendered":"Erhalten Sie unsere Brosch\u00fcre"},"content":{"rendered":"<p>[vc_row el_class=&#8220;wrap&#8220;][vc_column][vc_column_text css=&#8220;.vc_custom_1547461454952{padding-top: 10px !important;}&#8220;]Entdecken Sie alle Informationen, die Sie ben\u00f6tigen, dank unserer Brosch\u00fcre. Sie k\u00f6nnen es direkt herunterladen, indem Sie auf den folgenden Button klicken, oder das Formular ausf\u00fcllen, wenn Sie es per E-Mail erhalten m\u00f6chten.[\/vc_column_text][\/vc_column][\/vc_row][vc_row el_class=&#8220;bggreen pdf-btn&#8220; css=&#8220;.vc_custom_1547214087284{margin-bottom: 15px !important;padding-top: 15px !important;padding-bottom: 15px !important;}&#8220;][vc_column][vc_row_inner][vc_column_inner width=&#8220;1\/3&#8243;][\/vc_column_inner][vc_column_inner width=&#8220;1\/3&#8243;][vc_column_text el_class=&#8220;center&#8220;]<a class=\"\" href=\"\/pdf\/brochure-camping-seagreen-de.pdf\" target=\"_blank\" rel=\"noopener\">Brochure<\/a>[\/vc_column_text][\/vc_column_inner][vc_column_inner width=&#8220;1\/3&#8243;][\/vc_column_inner][\/vc_row_inner][\/vc_column][\/vc_row][vc_row el_class=&#8220;wrap&#8220;][vc_column][vc_column_text]\n<div class=\"wpcf7 no-js\" id=\"wpcf7-f1561-o1\" lang=\"fr-FR\" dir=\"ltr\">\n<div class=\"screen-reader-response\"><p role=\"status\" aria-live=\"polite\" aria-atomic=\"true\"><\/p> <ul><\/ul><\/div>\n<form action=\"\/de\/wp-json\/wp\/v2\/pages\/1573#wpcf7-f1561-o1\" method=\"post\" class=\"wpcf7-form init\" aria-label=\"Formulaire de contact\" novalidate=\"novalidate\" data-status=\"init\">\n<div style=\"display: none;\">\n<input type=\"hidden\" name=\"_wpcf7\" value=\"1561\" \/>\n<input type=\"hidden\" name=\"_wpcf7_version\" value=\"5.9.8\" \/>\n<input type=\"hidden\" name=\"_wpcf7_locale\" value=\"fr_FR\" \/>\n<input type=\"hidden\" name=\"_wpcf7_unit_tag\" value=\"wpcf7-f1561-o1\" \/>\n<input type=\"hidden\" name=\"_wpcf7_container_post\" value=\"0\" \/>\n<input type=\"hidden\" name=\"_wpcf7_posted_data_hash\" value=\"\" \/>\n<input type=\"hidden\" name=\"_wpcf7_recaptcha_response\" value=\"\" \/>\n<\/div>\n<div class=\"row\">\n\t<div class=\"col-md-6\" style=\"padding-right:6px;\">\n\t\t<p><span class=\"wpcf7-form-control-wrap\" data-name=\"nom\"><input size=\"40\" maxlength=\"400\" class=\"wpcf7-form-control wpcf7-text wpcf7-validates-as-required\" aria-required=\"true\" aria-invalid=\"false\" placeholder=\"Nachname\" value=\"\" type=\"text\" name=\"nom\" \/><\/span>\n\t\t<\/p>\n\t<\/div>\n\t<div class=\"col-md-6\" style=\"padding-left:6px;\">\n\t\t<p><span class=\"wpcf7-form-control-wrap\" data-name=\"prenom\"><input size=\"40\" maxlength=\"400\" class=\"wpcf7-form-control wpcf7-text wpcf7-validates-as-required\" aria-required=\"true\" aria-invalid=\"false\" placeholder=\"Vorname\" value=\"\" type=\"text\" name=\"prenom\" \/><\/span>\n\t\t<\/p>\n\t<\/div>\n<\/div>\n<div class=\"row\">\n\t<div class=\"col-md-12\" style=\"margin-bottom: 10px;\">\n\t\t<p><span class=\"wpcf7-form-control-wrap\" data-name=\"email-27\"><input size=\"40\" maxlength=\"400\" class=\"wpcf7-form-control wpcf7-email wpcf7-text wpcf7-validates-as-email\" aria-invalid=\"false\" placeholder=\"Email\" value=\"\" type=\"email\" name=\"email-27\" \/><\/span>\n\t\t<\/p>\n\t<\/div>\n<\/div>\n<div class=\"row\">\n\t<div class=\"col-md-6\" style=\"padding-right:6px;\">\n\t\t<p><span class=\"wpcf7-form-control-wrap\" data-name=\"adresse\"><input size=\"40\" maxlength=\"400\" class=\"wpcf7-form-control wpcf7-text wpcf7-validates-as-required\" aria-required=\"true\" aria-invalid=\"false\" placeholder=\"Postanschrift, Postfach\" value=\"\" type=\"text\" name=\"adresse\" \/><\/span>\n\t\t<\/p>\n\t<\/div>\n\t<div class=\"col-md-6\" style=\"padding-left:6px;\">\n\t\t<p><span class=\"wpcf7-form-control-wrap\" data-name=\"completement\"><input size=\"40\" maxlength=\"400\" class=\"wpcf7-form-control wpcf7-text\" aria-invalid=\"false\" placeholder=\"Wohnung, Suite, Block, Geb\u00e4ude usw\" value=\"\" type=\"text\" name=\"completement\" \/><\/span>\n\t\t<\/p>\n\t<\/div>\n<\/div>\n<div class=\"row\">\n\t<div class=\"col-md-6\" style=\"padding-right:6px;\">\n\t\t<p><span class=\"wpcf7-form-control-wrap\" data-name=\"ville\"><input size=\"40\" maxlength=\"400\" class=\"wpcf7-form-control wpcf7-text wpcf7-validates-as-required\" aria-required=\"true\" aria-invalid=\"false\" placeholder=\"Stadt\" value=\"\" type=\"text\" name=\"ville\" \/><\/span>\n\t\t<\/p>\n\t<\/div>\n\t<div class=\"col-md-6\" style=\"padding-left:6px;\">\n\t\t<p><span class=\"wpcf7-form-control-wrap\" data-name=\"cp\"><input size=\"40\" maxlength=\"400\" class=\"wpcf7-form-control wpcf7-text wpcf7-validates-as-required\" aria-required=\"true\" aria-invalid=\"false\" placeholder=\"Postleitzahl\" value=\"\" type=\"text\" name=\"cp\" \/><\/span>\n\t\t<\/p>\n\t<\/div>\n<\/div>\n<p><span class=\"wpcf7-form-control-wrap\" data-name=\"acceptance-586\"><span class=\"wpcf7-form-control wpcf7-acceptance\"><span class=\"wpcf7-list-item\"><label><input type=\"checkbox\" name=\"acceptance-586\" value=\"1\" aria-invalid=\"false\" \/><span class=\"wpcf7-list-item-label\">Durch das Ankreuzen dieses Feldes erkl\u00e4re ich mich mit der <a href=\"\/de\/datenschutzerklarung\/\" target=\"_blank\">Datenschutzerkl\u00e4rung<\/a> dieser Website einverstanden.<\/span><\/label><\/span><\/span><\/span>\n<\/p>\n<div class=\"recaptcha-pos relative\">\n\n<\/div>\n<p><input class=\"wpcf7-form-control wpcf7-submit has-spinner\" type=\"submit\" value=\"Senden\" \/>\n<\/p><div class=\"wpcf7-response-output\" aria-hidden=\"true\"><\/div>\n<\/form>\n<\/div>\n[\/vc_column_text][\/vc_column][\/vc_row]<\/p>\n","protected":false},"excerpt":{"rendered":"<p>[vc_row el_class=&#8220;wrap&#8220;][vc_column][vc_column_text css=&#8220;.vc_custom_1547461454952{padding-top: 10px !important;}&#8220;]Entdecken Sie alle Informationen, die Sie [&hellip;]<\/p>\n<a href=\"https:\/\/www.seagreen-campings.com\/de\/erhalten-sie-unsere-broschure\/\">View Post<\/a>","protected":false},"author":1,"featured_media":1574,"parent":0,"menu_order":0,"comment_status":"closed","ping_status":"closed","template":"page-templates\/full.php","meta":{"_acf_changed":false,"footnotes":""},"class_list":["post-1573","page","type-page","status-publish","has-post-thumbnail","hentry"],"acf":[],"yoast_head":"<!-- This site is optimized with the Yoast SEO plugin v25.3 - https:\/\/yoast.com\/wordpress\/plugins\/seo\/ -->\n<title>Erhalten Sie unsere Brosch\u00fcre - Groupement Seagreen<\/title>\n<meta name=\"robots\" content=\"noindex, nofollow\" \/>\n<meta name=\"twitter:label1\" content=\"Gesch\u00e4tzte Lesezeit\" \/>\n\t<meta name=\"twitter:data1\" content=\"1\u00a0Minute\" \/>\n<script type=\"application\/ld+json\" class=\"yoast-schema-graph\">{\"@context\":\"https:\/\/schema.org\",\"@graph\":[{\"@type\":\"WebPage\",\"@id\":\"https:\/\/www.seagreen-campings.com\/de\/erhalten-sie-unsere-broschure\/\",\"url\":\"https:\/\/www.seagreen-campings.com\/de\/erhalten-sie-unsere-broschure\/\",\"name\":\"Erhalten Sie unsere Brosch\u00fcre - Groupement Seagreen\",\"isPartOf\":{\"@id\":\"https:\/\/www.seagreen-campings.com\/#website\"},\"primaryImageOfPage\":{\"@id\":\"https:\/\/www.seagreen-campings.com\/de\/erhalten-sie-unsere-broschure\/#primaryimage\"},\"image\":{\"@id\":\"https:\/\/www.seagreen-campings.com\/de\/erhalten-sie-unsere-broschure\/#primaryimage\"},\"thumbnailUrl\":\"https:\/\/www.seagreen-campings.com\/wp-content\/uploads\/2018\/06\/camping-cala-llevado-costa-bavara.jpg\",\"datePublished\":\"2019-01-11T13:39:47+00:00\",\"dateModified\":\"2019-02-01T13:25:29+00:00\",\"breadcrumb\":{\"@id\":\"https:\/\/www.seagreen-campings.com\/de\/erhalten-sie-unsere-broschure\/#breadcrumb\"},\"inLanguage\":\"de\",\"potentialAction\":[{\"@type\":\"ReadAction\",\"target\":[\"https:\/\/www.seagreen-campings.com\/de\/erhalten-sie-unsere-broschure\/\"]}]},{\"@type\":\"ImageObject\",\"inLanguage\":\"de\",\"@id\":\"https:\/\/www.seagreen-campings.com\/de\/erhalten-sie-unsere-broschure\/#primaryimage\",\"url\":\"https:\/\/www.seagreen-campings.com\/wp-content\/uploads\/2018\/06\/camping-cala-llevado-costa-bavara.jpg\",\"contentUrl\":\"https:\/\/www.seagreen-campings.com\/wp-content\/uploads\/2018\/06\/camping-cala-llevado-costa-bavara.jpg\",\"width\":1200,\"height\":400},{\"@type\":\"BreadcrumbList\",\"@id\":\"https:\/\/www.seagreen-campings.com\/de\/erhalten-sie-unsere-broschure\/#breadcrumb\",\"itemListElement\":[{\"@type\":\"ListItem\",\"position\":1,\"name\":\"Accueil\",\"item\":\"https:\/\/www.seagreen-campings.com\/de\/home\/\"},{\"@type\":\"ListItem\",\"position\":2,\"name\":\"Erhalten Sie unsere Brosch\u00fcre\"}]},{\"@type\":\"WebSite\",\"@id\":\"https:\/\/www.seagreen-campings.com\/#website\",\"url\":\"https:\/\/www.seagreen-campings.com\/\",\"name\":\"Groupement Seagreen\",\"description\":\"\",\"publisher\":{\"@id\":\"https:\/\/www.seagreen-campings.com\/#organization\"},\"potentialAction\":[{\"@type\":\"SearchAction\",\"target\":{\"@type\":\"EntryPoint\",\"urlTemplate\":\"https:\/\/www.seagreen-campings.com\/?s={search_term_string}\"},\"query-input\":{\"@type\":\"PropertyValueSpecification\",\"valueRequired\":true,\"valueName\":\"search_term_string\"}}],\"inLanguage\":\"de\"},{\"@type\":\"Organization\",\"@id\":\"https:\/\/www.seagreen-campings.com\/#organization\",\"name\":\"Groupement Seagreen\",\"url\":\"https:\/\/www.seagreen-campings.com\/\",\"logo\":{\"@type\":\"ImageObject\",\"inLanguage\":\"de\",\"@id\":\"https:\/\/www.seagreen-campings.com\/#\/schema\/logo\/image\/\",\"url\":\"\",\"contentUrl\":\"\",\"caption\":\"Groupement Seagreen\"},\"image\":{\"@id\":\"https:\/\/www.seagreen-campings.com\/#\/schema\/logo\/image\/\"}}]}<\/script>\n<!-- \/ Yoast SEO plugin. -->","yoast_head_json":{"title":"Erhalten Sie unsere Brosch\u00fcre - Groupement Seagreen","robots":{"index":"noindex","follow":"nofollow"},"twitter_misc":{"Gesch\u00e4tzte Lesezeit":"1\u00a0Minute"},"schema":{"@context":"https:\/\/schema.org","@graph":[{"@type":"WebPage","@id":"https:\/\/www.seagreen-campings.com\/de\/erhalten-sie-unsere-broschure\/","url":"https:\/\/www.seagreen-campings.com\/de\/erhalten-sie-unsere-broschure\/","name":"Erhalten Sie unsere Brosch\u00fcre - Groupement Seagreen","isPartOf":{"@id":"https:\/\/www.seagreen-campings.com\/#website"},"primaryImageOfPage":{"@id":"https:\/\/www.seagreen-campings.com\/de\/erhalten-sie-unsere-broschure\/#primaryimage"},"image":{"@id":"https:\/\/www.seagreen-campings.com\/de\/erhalten-sie-unsere-broschure\/#primaryimage"},"thumbnailUrl":"https:\/\/www.seagreen-campings.com\/wp-content\/uploads\/2018\/06\/camping-cala-llevado-costa-bavara.jpg","datePublished":"2019-01-11T13:39:47+00:00","dateModified":"2019-02-01T13:25:29+00:00","breadcrumb":{"@id":"https:\/\/www.seagreen-campings.com\/de\/erhalten-sie-unsere-broschure\/#breadcrumb"},"inLanguage":"de","potentialAction":[{"@type":"ReadAction","target":["https:\/\/www.seagreen-campings.com\/de\/erhalten-sie-unsere-broschure\/"]}]},{"@type":"ImageObject","inLanguage":"de","@id":"https:\/\/www.seagreen-campings.com\/de\/erhalten-sie-unsere-broschure\/#primaryimage","url":"https:\/\/www.seagreen-campings.com\/wp-content\/uploads\/2018\/06\/camping-cala-llevado-costa-bavara.jpg","contentUrl":"https:\/\/www.seagreen-campings.com\/wp-content\/uploads\/2018\/06\/camping-cala-llevado-costa-bavara.jpg","width":1200,"height":400},{"@type":"BreadcrumbList","@id":"https:\/\/www.seagreen-campings.com\/de\/erhalten-sie-unsere-broschure\/#breadcrumb","itemListElement":[{"@type":"ListItem","position":1,"name":"Accueil","item":"https:\/\/www.seagreen-campings.com\/de\/home\/"},{"@type":"ListItem","position":2,"name":"Erhalten Sie unsere Brosch\u00fcre"}]},{"@type":"WebSite","@id":"https:\/\/www.seagreen-campings.com\/#website","url":"https:\/\/www.seagreen-campings.com\/","name":"Groupement Seagreen","description":"","publisher":{"@id":"https:\/\/www.seagreen-campings.com\/#organization"},"potentialAction":[{"@type":"SearchAction","target":{"@type":"EntryPoint","urlTemplate":"https:\/\/www.seagreen-campings.com\/?s={search_term_string}"},"query-input":{"@type":"PropertyValueSpecification","valueRequired":true,"valueName":"search_term_string"}}],"inLanguage":"de"},{"@type":"Organization","@id":"https:\/\/www.seagreen-campings.com\/#organization","name":"Groupement Seagreen","url":"https:\/\/www.seagreen-campings.com\/","logo":{"@type":"ImageObject","inLanguage":"de","@id":"https:\/\/www.seagreen-campings.com\/#\/schema\/logo\/image\/","url":"","contentUrl":"","caption":"Groupement Seagreen"},"image":{"@id":"https:\/\/www.seagreen-campings.com\/#\/schema\/logo\/image\/"}}]}},"_links":{"self":[{"href":"https:\/\/www.seagreen-campings.com\/de\/wp-json\/wp\/v2\/pages\/1573"}],"collection":[{"href":"https:\/\/www.seagreen-campings.com\/de\/wp-json\/wp\/v2\/pages"}],"about":[{"href":"https:\/\/www.seagreen-campings.com\/de\/wp-json\/wp\/v2\/types\/page"}],"author":[{"embeddable":true,"href":"https:\/\/www.seagreen-campings.com\/de\/wp-json\/wp\/v2\/users\/1"}],"replies":[{"embeddable":true,"href":"https:\/\/www.seagreen-campings.com\/de\/wp-json\/wp\/v2\/comments?post=1573"}],"version-history":[{"count":4,"href":"https:\/\/www.seagreen-campings.com\/de\/wp-json\/wp\/v2\/pages\/1573\/revisions"}],"predecessor-version":[{"id":1830,"href":"https:\/\/www.seagreen-campings.com\/de\/wp-json\/wp\/v2\/pages\/1573\/revisions\/1830"}],"wp:featuredmedia":[{"embeddable":true,"href":"https:\/\/www.seagreen-campings.com\/de\/wp-json\/wp\/v2\/media\/1574"}],"wp:attachment":[{"href":"https:\/\/www.seagreen-campings.com\/de\/wp-json\/wp\/v2\/media?parent=1573"}],"curies":[{"name":"wp","href":"https:\/\/api.w.org\/{rel}","templated":true}]}}