{"id":655,"date":"2018-03-06T01:42:49","date_gmt":"2018-03-06T00:42:49","guid":{"rendered":"https:\/\/www.seagreen-campings.com\/groupes-et-seminaires\/"},"modified":"2018-05-16T14:52:37","modified_gmt":"2018-05-16T12:52:37","slug":"groupes-et-seminaires","status":"publish","type":"page","link":"https:\/\/www.seagreen-campings.com\/de\/groupes-et-seminaires\/","title":{"rendered":"Events und Veranstaltungen:"},"content":{"rendered":"<p>[vc_row el_class=&#8220;page-bggrey&#8220; css=&#8220;.vc_custom_1519153106746{padding-top: 50px !important;padding-bottom: 50px !important;}&#8220;][vc_column][vc_row_inner equal_height=&#8220;yes&#8220; content_placement=&#8220;middle&#8220; el_class=&#8220;wrap&#8220;][vc_column_inner el_class=&#8220;bgwhite&#8220; width=&#8220;1\/2&#8243;][vc_column_text css=&#8220;.vc_custom_1520297037226{margin-bottom: 0px !important;padding-top: 35px !important;padding-right: 35px !important;padding-bottom: 35px !important;padding-left: 35px !important;}&#8220;]Empf\u00e4nge, Hochzeiten, Taufen, Geburtstage<\/p>\n<p>und<\/p>\n<p>Seminare, Team-Building, Betriebsausfl\u00fcge.<\/p>\n<p>Wir m\u00f6chten unsere Sea-Green-Orte fest in die umliegenden Kultur-, Vereins-, Sport-, Bildungs- und Sozialumfelder integrieren.<\/p>\n<p>Deswegen sind unsere Campingpl\u00e4tze offen gegen\u00fcber dem Leben der D\u00f6rfer, St\u00e4dte und Regionen, in denen sie gelegen sind.<\/p>\n<p>Entdecken Sie unsere wundersch\u00f6nen Orte &#8211; elegant, wandelbar, vernetzt, offen und in einer landschaftlichen Umgebung. So werden Ihre famili\u00e4ren Anl\u00e4sse, beruflichen Ereignisse und Events mit Freunden zum Erfolg.<\/p>\n<p>[\/vc_column_text][\/vc_column_inner][vc_column_inner width=&#8220;1\/2&#8243;][vc_single_image image=&#8220;355&#8243; img_size=&#8220;full&#8220;][\/vc_column_inner][\/vc_row_inner][\/vc_column][\/vc_row][vc_row el_class=&#8220;bggreen&#8220; css=&#8220;.vc_custom_1519153616875{padding-top: 50px !important;padding-bottom: 50px !important;}&#8220;][vc_column][vc_row_inner el_class=&#8220;wrap&#8220;][vc_column_inner][vc_column_text el_class=&#8220;page-center page-white page-h2&#8243;]<\/p>\n<h2>Unser Versprechen<\/h2>\n<p>[\/vc_column_text][\/vc_column_inner][\/vc_row_inner][vc_row_inner el_class=&#8220;wrap&#8220;][vc_column_inner width=&#8220;1\/3&#8243;][vc_single_image image=&#8220;544&#8243; img_size=&#8220;full&#8220; alignment=&#8220;center&#8220;][\/vc_column_inner][vc_column_inner width=&#8220;1\/3&#8243;][vc_single_image image=&#8220;546&#8243; img_size=&#8220;full&#8220; alignment=&#8220;center&#8220;][\/vc_column_inner][vc_column_inner width=&#8220;1\/3&#8243;][vc_single_image image=&#8220;545&#8243; img_size=&#8220;full&#8220; alignment=&#8220;center&#8220;][\/vc_column_inner][\/vc_row_inner][vc_row_inner el_class=&#8220;wrap &#8222;][vc_column_inner][vc_column_text el_class=&#8220;page-center page-white&#8220; css=&#8220;.vc_custom_1520297085885{margin-bottom: 0px !important;}&#8220;]- Ausgew\u00e4hlte Services, individuell auf Ihre Bed\u00fcrfnisse und Ihr Budget abgestimmt<\/p>\n<p>&#8211; Pers\u00f6nliche Betreuung bei Ihren Vorbereitungen<\/p>\n<p>&#8211; Ein fester Ansprechpartner, an den Sie sich wenden k\u00f6nnen<\/p>\n<p>&#8211; Jahrelange Erfahrung<\/p>\n<p>&#8211; Rundum-Service: Verpflegung \/ Unterkunft \/ Freizeitprogramm<\/p>\n<p>Qualit\u00e4tsgastronomie mit verschiedenen Optionen:<\/p>\n<p>&#8211; Angebot an Mittag- und Abendessen auf gehobenem Restaurantniveau<\/p>\n<p>&#8211; Angebot an Cocktailpartys und Dinner-Cocktails<\/p>\n<p>&#8211; Hochzeits-Gastronomie<\/p>\n<p>[\/vc_column_text][\/vc_column_inner][\/vc_row_inner][\/vc_column][\/vc_row][vc_row el_class=&#8220;page-bggrey&#8220; css=&#8220;.vc_custom_1519153106746{padding-top: 50px !important;padding-bottom: 50px !important;}&#8220;][vc_column][vc_row_inner equal_height=&#8220;yes&#8220; content_placement=&#8220;middle&#8220; el_class=&#8220;wrap&#8220;][vc_column_inner width=&#8220;1\/2&#8243;][vc_single_image image=&#8220;351&#8243; img_size=&#8220;full&#8220;][vc_single_image image=&#8220;353&#8243; img_size=&#8220;full&#8220;][\/vc_column_inner][vc_column_inner el_class=&#8220;bgwhite&#8220; width=&#8220;1\/2&#8243;][vc_column_text el_class=&#8220;page-h2&#8243; css=&#8220;.vc_custom_1521649338447{margin-right: 35px !important;margin-bottom: 35px !important;margin-left: 35px !important;}&#8220;]<\/p>\n<h2>Unsere Veranstaltungsr\u00e4ume<\/h2>\n<p>[\/vc_column_text][vc_column_text css=&#8220;.vc_custom_1521649402428{margin-bottom: 0px !important;padding-right: 35px !important;padding-left: 35px !important;}&#8220;]Unsere Veranstaltungsr\u00e4ume stehen Ihnen vollausgestattet zur Verf\u00fcgung (St\u00fchle, Tische, Tischdecken, feines Porzellan, Beamer und mehr)<\/p>\n<p><strong>Camping L\u2019Emeraude: bis zu 200 Personen<\/strong><\/p>\n<p>7 Chemin de la Souris, 35800 Saint-Briac-sur-Mer<\/p>\n<p><strong>Camping Les \u00eeles: bis zu 150 Personen<\/strong><\/p>\n<p>La pointe du Bile, 56760 P\u00e9nestin<\/p>\n<p><strong>Camping Le Paradis: bis zu 150 Personen<\/strong><\/p>\n<p>Rue de la source, 85440 Talmont-Saint-Hilaire<\/p>\n<p><strong>Camping Les Grenettes: bis zu 400 Personen<\/strong><\/p>\n<p>1 Rue de l&#8217;Ermitage, 17740 Sainte-Marie-de-R\u00e9<\/p>\n<p><strong>Camping Le Gibanel: bis zu 120 Personen<\/strong><\/p>\n<p>Ch\u00e2teau du Gibanel-19400 Argentat<\/p>\n<p><strong>Camping La Forge: bis zu 120 Personen<\/strong><\/p>\n<p>Route de Sanguinet, 33260 &#8211; La Teste-de-Buch<\/p>\n<p>Kontaktieren Sie uns, um ein Prospekt zu erhalten: +33 05 64 10 20 20<\/p>\n<p><a href=\"mailto:event@seagreen.fr\">event@seagreen.fr<\/a>[\/vc_column_text][\/vc_column_inner][\/vc_row_inner][\/vc_column][\/vc_row]<\/p>\n","protected":false},"excerpt":{"rendered":"<p>[vc_row el_class=&#8220;page-bggrey&#8220; css=&#8220;.vc_custom_1519153106746{padding-top: 50px !important;padding-bottom: 50px !important;}&#8220;][vc_column][vc_row_inner equal_height=&#8220;yes&#8220; content_placement=&#8220;middle&#8220; el_class=&#8220;wrap&#8220;][vc_column_inner [&hellip;]<\/p>\n<a href=\"https:\/\/www.seagreen-campings.com\/de\/groupes-et-seminaires\/\">View Post<\/a>","protected":false},"author":1,"featured_media":2716,"parent":0,"menu_order":0,"comment_status":"closed","ping_status":"closed","template":"page-templates\/full.php","meta":{"_acf_changed":false,"footnotes":""},"class_list":["post-655","page","type-page","status-publish","has-post-thumbnail","hentry"],"acf":[],"yoast_head":"<!-- This site is optimized with the Yoast SEO plugin v25.3 - https:\/\/yoast.com\/wordpress\/plugins\/seo\/ -->\n<title>Groupement Seagreen: Organisation von Events und Veranstaltungen in Frankreich:<\/title>\n<meta name=\"robots\" content=\"index, follow, max-snippet:-1, max-image-preview:large, max-video-preview:-1\" \/>\n<link rel=\"canonical\" href=\"https:\/\/www.seagreen-campings.com\/de\/groupes-et-seminaires\/\" \/>\n<meta name=\"twitter:label1\" content=\"Gesch\u00e4tzte Lesezeit\" \/>\n\t<meta name=\"twitter:data1\" content=\"3\u00a0Minuten\" \/>\n<script type=\"application\/ld+json\" class=\"yoast-schema-graph\">{\"@context\":\"https:\/\/schema.org\",\"@graph\":[{\"@type\":\"WebPage\",\"@id\":\"https:\/\/www.seagreen-campings.com\/de\/groupes-et-seminaires\/\",\"url\":\"https:\/\/www.seagreen-campings.com\/de\/groupes-et-seminaires\/\",\"name\":\"Groupement Seagreen: Organisation von Events und Veranstaltungen in Frankreich:\",\"isPartOf\":{\"@id\":\"https:\/\/www.seagreen-campings.com\/#website\"},\"primaryImageOfPage\":{\"@id\":\"https:\/\/www.seagreen-campings.com\/de\/groupes-et-seminaires\/#primaryimage\"},\"image\":{\"@id\":\"https:\/\/www.seagreen-campings.com\/de\/groupes-et-seminaires\/#primaryimage\"},\"thumbnailUrl\":\"https:\/\/www.seagreen-campings.com\/wp-content\/uploads\/2022\/10\/Sans-titre.png\",\"datePublished\":\"2018-03-06T00:42:49+00:00\",\"dateModified\":\"2018-05-16T12:52:37+00:00\",\"breadcrumb\":{\"@id\":\"https:\/\/www.seagreen-campings.com\/de\/groupes-et-seminaires\/#breadcrumb\"},\"inLanguage\":\"de\",\"potentialAction\":[{\"@type\":\"ReadAction\",\"target\":[\"https:\/\/www.seagreen-campings.com\/de\/groupes-et-seminaires\/\"]}]},{\"@type\":\"ImageObject\",\"inLanguage\":\"de\",\"@id\":\"https:\/\/www.seagreen-campings.com\/de\/groupes-et-seminaires\/#primaryimage\",\"url\":\"https:\/\/www.seagreen-campings.com\/wp-content\/uploads\/2022\/10\/Sans-titre.png\",\"contentUrl\":\"https:\/\/www.seagreen-campings.com\/wp-content\/uploads\/2022\/10\/Sans-titre.png\",\"width\":1200,\"height\":400},{\"@type\":\"BreadcrumbList\",\"@id\":\"https:\/\/www.seagreen-campings.com\/de\/groupes-et-seminaires\/#breadcrumb\",\"itemListElement\":[{\"@type\":\"ListItem\",\"position\":1,\"name\":\"Accueil\",\"item\":\"https:\/\/www.seagreen-campings.com\/de\/home\/\"},{\"@type\":\"ListItem\",\"position\":2,\"name\":\"Events und Veranstaltungen:\"}]},{\"@type\":\"WebSite\",\"@id\":\"https:\/\/www.seagreen-campings.com\/#website\",\"url\":\"https:\/\/www.seagreen-campings.com\/\",\"name\":\"Groupement Seagreen\",\"description\":\"\",\"publisher\":{\"@id\":\"https:\/\/www.seagreen-campings.com\/#organization\"},\"potentialAction\":[{\"@type\":\"SearchAction\",\"target\":{\"@type\":\"EntryPoint\",\"urlTemplate\":\"https:\/\/www.seagreen-campings.com\/?s={search_term_string}\"},\"query-input\":{\"@type\":\"PropertyValueSpecification\",\"valueRequired\":true,\"valueName\":\"search_term_string\"}}],\"inLanguage\":\"de\"},{\"@type\":\"Organization\",\"@id\":\"https:\/\/www.seagreen-campings.com\/#organization\",\"name\":\"Groupement Seagreen\",\"url\":\"https:\/\/www.seagreen-campings.com\/\",\"logo\":{\"@type\":\"ImageObject\",\"inLanguage\":\"de\",\"@id\":\"https:\/\/www.seagreen-campings.com\/#\/schema\/logo\/image\/\",\"url\":\"\",\"contentUrl\":\"\",\"caption\":\"Groupement Seagreen\"},\"image\":{\"@id\":\"https:\/\/www.seagreen-campings.com\/#\/schema\/logo\/image\/\"}}]}<\/script>\n<!-- \/ Yoast SEO plugin. -->","yoast_head_json":{"title":"Groupement Seagreen: Organisation von Events und Veranstaltungen in Frankreich:","robots":{"index":"index","follow":"follow","max-snippet":"max-snippet:-1","max-image-preview":"max-image-preview:large","max-video-preview":"max-video-preview:-1"},"canonical":"https:\/\/www.seagreen-campings.com\/de\/groupes-et-seminaires\/","twitter_misc":{"Gesch\u00e4tzte Lesezeit":"3\u00a0Minuten"},"schema":{"@context":"https:\/\/schema.org","@graph":[{"@type":"WebPage","@id":"https:\/\/www.seagreen-campings.com\/de\/groupes-et-seminaires\/","url":"https:\/\/www.seagreen-campings.com\/de\/groupes-et-seminaires\/","name":"Groupement Seagreen: Organisation von Events und Veranstaltungen in Frankreich:","isPartOf":{"@id":"https:\/\/www.seagreen-campings.com\/#website"},"primaryImageOfPage":{"@id":"https:\/\/www.seagreen-campings.com\/de\/groupes-et-seminaires\/#primaryimage"},"image":{"@id":"https:\/\/www.seagreen-campings.com\/de\/groupes-et-seminaires\/#primaryimage"},"thumbnailUrl":"https:\/\/www.seagreen-campings.com\/wp-content\/uploads\/2022\/10\/Sans-titre.png","datePublished":"2018-03-06T00:42:49+00:00","dateModified":"2018-05-16T12:52:37+00:00","breadcrumb":{"@id":"https:\/\/www.seagreen-campings.com\/de\/groupes-et-seminaires\/#breadcrumb"},"inLanguage":"de","potentialAction":[{"@type":"ReadAction","target":["https:\/\/www.seagreen-campings.com\/de\/groupes-et-seminaires\/"]}]},{"@type":"ImageObject","inLanguage":"de","@id":"https:\/\/www.seagreen-campings.com\/de\/groupes-et-seminaires\/#primaryimage","url":"https:\/\/www.seagreen-campings.com\/wp-content\/uploads\/2022\/10\/Sans-titre.png","contentUrl":"https:\/\/www.seagreen-campings.com\/wp-content\/uploads\/2022\/10\/Sans-titre.png","width":1200,"height":400},{"@type":"BreadcrumbList","@id":"https:\/\/www.seagreen-campings.com\/de\/groupes-et-seminaires\/#breadcrumb","itemListElement":[{"@type":"ListItem","position":1,"name":"Accueil","item":"https:\/\/www.seagreen-campings.com\/de\/home\/"},{"@type":"ListItem","position":2,"name":"Events und Veranstaltungen:"}]},{"@type":"WebSite","@id":"https:\/\/www.seagreen-campings.com\/#website","url":"https:\/\/www.seagreen-campings.com\/","name":"Groupement Seagreen","description":"","publisher":{"@id":"https:\/\/www.seagreen-campings.com\/#organization"},"potentialAction":[{"@type":"SearchAction","target":{"@type":"EntryPoint","urlTemplate":"https:\/\/www.seagreen-campings.com\/?s={search_term_string}"},"query-input":{"@type":"PropertyValueSpecification","valueRequired":true,"valueName":"search_term_string"}}],"inLanguage":"de"},{"@type":"Organization","@id":"https:\/\/www.seagreen-campings.com\/#organization","name":"Groupement Seagreen","url":"https:\/\/www.seagreen-campings.com\/","logo":{"@type":"ImageObject","inLanguage":"de","@id":"https:\/\/www.seagreen-campings.com\/#\/schema\/logo\/image\/","url":"","contentUrl":"","caption":"Groupement Seagreen"},"image":{"@id":"https:\/\/www.seagreen-campings.com\/#\/schema\/logo\/image\/"}}]}},"_links":{"self":[{"href":"https:\/\/www.seagreen-campings.com\/de\/wp-json\/wp\/v2\/pages\/655"}],"collection":[{"href":"https:\/\/www.seagreen-campings.com\/de\/wp-json\/wp\/v2\/pages"}],"about":[{"href":"https:\/\/www.seagreen-campings.com\/de\/wp-json\/wp\/v2\/types\/page"}],"author":[{"embeddable":true,"href":"https:\/\/www.seagreen-campings.com\/de\/wp-json\/wp\/v2\/users\/1"}],"replies":[{"embeddable":true,"href":"https:\/\/www.seagreen-campings.com\/de\/wp-json\/wp\/v2\/comments?post=655"}],"version-history":[{"count":1,"href":"https:\/\/www.seagreen-campings.com\/de\/wp-json\/wp\/v2\/pages\/655\/revisions"}],"predecessor-version":[{"id":702,"href":"https:\/\/www.seagreen-campings.com\/de\/wp-json\/wp\/v2\/pages\/655\/revisions\/702"}],"wp:featuredmedia":[{"embeddable":true,"href":"https:\/\/www.seagreen-campings.com\/de\/wp-json\/wp\/v2\/media\/2716"}],"wp:attachment":[{"href":"https:\/\/www.seagreen-campings.com\/de\/wp-json\/wp\/v2\/media?parent=655"}],"curies":[{"name":"wp","href":"https:\/\/api.w.org\/{rel}","templated":true}]}}