{"id":682,"date":"2018-03-05T15:23:54","date_gmt":"2018-03-05T14:23:54","guid":{"rendered":"https:\/\/www.seagreen-campings.com\/groupe-camping\/"},"modified":"2019-12-02T16:52:49","modified_gmt":"2019-12-02T15:52:49","slug":"groupe-camping","status":"publish","type":"page","link":"https:\/\/www.seagreen-campings.com\/de\/groupe-camping\/","title":{"rendered":"Sea Green: Campingplatz-Zusammenschluss"},"content":{"rendered":"<p>[vc_row el_class=&#8220;page-bggrey&#8220; css=&#8220;.vc_custom_1519153106746{padding-top: 50px !important;padding-bottom: 50px !important;}&#8220;][vc_column][vc_row_inner equal_height=&#8220;yes&#8220; content_placement=&#8220;middle&#8220; el_class=&#8220;wrap&#8220;][vc_column_inner el_class=&#8220;bgwhite&#8220; width=&#8220;1\/2&#8243;][vc_column_text css=&#8220;.vc_custom_1575301580825{margin-bottom: 0px !important;padding-top: 35px !important;padding-right: 35px !important;padding-bottom: 35px !important;padding-left: 35px !important;}&#8220;]Sea Green ist seit 2017 der Ansprechpartner f\u00fcr Ihren gelungenen Urlaub.<\/p>\n<p>Wir legen Wert auf einen Gemeinschaftsgeist, um Ihnen einen famili\u00e4ren, geselligen Urlaub in Ihrem Mobilheim zu bieten.<\/p>\n<p>Sea Green bietet Naturliebhabern eine ganz neue Erfahrung fernab vom altmodischen Camping &#8211; genie\u00dfen Sie Ihren Aufenthalt in komfortablen, vernetzten Mobilheimen mitten im Gr\u00fcnen.<\/p>\n<p>Fortschrittlichkeit, die Umweltbewusstsein und Chic miteinander verbindet: Komfort, Lebensqualit\u00e4t, Freizeitaktivit\u00e4ten rund ums Wohlbefinden und Gastronomie.<\/p>\n<p>Design und Eleganz m\u00fcssen erschwinglich bleiben &#8211; so k\u00f6nnen Besucher ihren Urlaub in Unterk\u00fcnften, die sowohl von innen als auch von au\u00dfen sorgf\u00e4ltig durchdacht sind, genie\u00dfen. Ihr Urlaubsvergn\u00fcgen steht an erster Stelle.[\/vc_column_text][\/vc_column_inner][vc_column_inner width=&#8220;1\/2&#8243;][vc_single_image image=&#8220;335&#8243; img_size=&#8220;full&#8220;][\/vc_column_inner][\/vc_row_inner][\/vc_column][\/vc_row][vc_row el_class=&#8220;bggreen&#8220; css=&#8220;.vc_custom_1519153616875{padding-top: 50px !important;padding-bottom: 50px !important;}&#8220;][vc_column][vc_row_inner el_class=&#8220;wrap&#8220;][vc_column_inner][vc_column_text el_class=&#8220;page-center page-white page-h2&#8243;]<\/p>\n<h2>UNSERE PHILOSOPHIE<\/h2>\n<p>[\/vc_column_text][\/vc_column_inner][\/vc_row_inner][vc_row_inner el_class=&#8220;wrap&#8220;][vc_column_inner width=&#8220;1\/3&#8243;][vc_single_image image=&#8220;339&#8243; img_size=&#8220;full&#8220; alignment=&#8220;center&#8220;][\/vc_column_inner][vc_column_inner width=&#8220;1\/3&#8243;][vc_single_image image=&#8220;341&#8243; img_size=&#8220;full&#8220; alignment=&#8220;center&#8220;][\/vc_column_inner][vc_column_inner width=&#8220;1\/3&#8243;][vc_single_image image=&#8220;340&#8243; img_size=&#8220;full&#8220; alignment=&#8220;center&#8220;][\/vc_column_inner][\/vc_row_inner][vc_row_inner el_class=&#8220;wrap &#8222;][vc_column_inner][vc_column_text el_class=&#8220;page-center page-white&#8220; css=&#8220;.vc_custom_1520260060892{margin-bottom: 0px !important;}&#8220;]URLAUBSGL\u00dcCK: Das bedeutet, Momente der Freiheit und Entspannung in der kurzen Aufenthaltszeit, die Ihnen zur Verf\u00fcgung steht, bestm\u00f6glich zu nutzen!<\/p>\n<p>R\u00dcCKKEHR ZUR NATUR: Unsere vorwiegend urbanen G\u00e4ste k\u00f6nnen entspannen und neue Kraft sch\u00f6pfen.<\/p>\n<p>FREIHEIT: Ein breites Spektrum an Freizeitangeboten und Dienstleistungen sorgt f\u00fcr eine absolute Entscheidungsfreiheit &#8211; tun Sie was Sie wollen, wann Sie es wollen.<\/p>\n<p>[\/vc_column_text][\/vc_column_inner][\/vc_row_inner][\/vc_column][\/vc_row][vc_row el_class=&#8220;page-bggrey&#8220; css=&#8220;.vc_custom_1519153106746{padding-top: 50px !important;padding-bottom: 50px !important;}&#8220;][vc_column][vc_row_inner equal_height=&#8220;yes&#8220; content_placement=&#8220;middle&#8220; el_class=&#8220;wrap&#8220;][vc_column_inner width=&#8220;1\/2&#8243;][vc_single_image image=&#8220;344&#8243; img_size=&#8220;full&#8220;][vc_single_image image=&#8220;361&#8243; img_size=&#8220;full&#8220;][\/vc_column_inner][vc_column_inner el_class=&#8220;bgwhite&#8220; width=&#8220;1\/2&#8243;][vc_column_text el_class=&#8220;page-h2&#8243; css=&#8220;.vc_custom_1520260074681{margin-right: 35px !important;margin-bottom: 35px !important;margin-left: 35px !important;}&#8220;]<\/p>\n<h2>UNSERE WERTE<\/h2>\n<p>[\/vc_column_text][vc_column_text css=&#8220;.vc_custom_1520260096456{margin-bottom: 0px !important;padding-right: 35px !important;padding-left: 35px !important;}&#8220;]\u2022 Das Konzept der \u201eSea-Green-Haltung\u201c basiert auf drei Grundprinzipien:<\/p>\n<p>&#8211; eine Zuh\u00f6rer-Haltung: stets ein offenes Ohr f\u00fcr die Anliegen der Urlauber und Inhaber bieten und ihren Anfragen nachkommen.<\/p>\n<p>&#8211; eine proaktive Haltung im Service: vorausplanen, um die Bed\u00fcrfnisse der Kunden zu erf\u00fcllen.<\/p>\n<p>&#8211; eine entgegenkommende Haltung, die die Wichtigkeit des Einhaltens der Regeln des Gemeinschaftslebens unterstreicht.<\/p>\n<p>\u2022 Franz\u00f6sische Campingtradition vermitteln: eine herzliche Atmosph\u00e4re, Unterst\u00fctzen von Familien, Events und ein abwechslungsreiches Freizeitprogramm.<\/p>\n<p>\u2022 Die Umwelt in all unseren Bereichen respektieren: Landschaftsgestaltung der H\u00fctten, intelligente Mobilheime, umweltfreundliche Verwaltung, Zur\u00fcckgreifen auf nat\u00fcrliche und regionale Produkte .<\/p>\n<p>\u2022 Service in Hotelqualit\u00e4t: mit mehr Freiheit und mehr Natur als Plus.<\/p>\n<p>[\/vc_column_text][\/vc_column_inner][\/vc_row_inner][\/vc_column][\/vc_row]<\/p>\n","protected":false},"excerpt":{"rendered":"<p>[vc_row el_class=&#8220;page-bggrey&#8220; css=&#8220;.vc_custom_1519153106746{padding-top: 50px !important;padding-bottom: 50px !important;}&#8220;][vc_column][vc_row_inner equal_height=&#8220;yes&#8220; content_placement=&#8220;middle&#8220; el_class=&#8220;wrap&#8220;][vc_column_inner [&hellip;]<\/p>\n<a href=\"https:\/\/www.seagreen-campings.com\/de\/groupe-camping\/\">View Post<\/a>","protected":false},"author":1,"featured_media":684,"parent":0,"menu_order":0,"comment_status":"closed","ping_status":"closed","template":"page-templates\/full.php","meta":{"_acf_changed":false,"footnotes":""},"class_list":["post-682","page","type-page","status-publish","has-post-thumbnail","hentry"],"acf":[],"yoast_head":"<!-- This site is optimized with the Yoast SEO plugin v25.3 - https:\/\/yoast.com\/wordpress\/plugins\/seo\/ -->\n<title>Groupement Seagreen: Zusammenschluss von Qualit\u00e4ts-Campingpl\u00e4tzen in Frankreich<\/title>\n<meta name=\"robots\" content=\"index, follow, max-snippet:-1, max-image-preview:large, max-video-preview:-1\" \/>\n<link rel=\"canonical\" href=\"https:\/\/www.seagreen-campings.com\/de\/groupe-camping\/\" \/>\n<meta name=\"twitter:label1\" content=\"Gesch\u00e4tzte Lesezeit\" \/>\n\t<meta name=\"twitter:data1\" content=\"3\u00a0Minuten\" \/>\n<script type=\"application\/ld+json\" class=\"yoast-schema-graph\">{\"@context\":\"https:\/\/schema.org\",\"@graph\":[{\"@type\":\"WebPage\",\"@id\":\"https:\/\/www.seagreen-campings.com\/de\/groupe-camping\/\",\"url\":\"https:\/\/www.seagreen-campings.com\/de\/groupe-camping\/\",\"name\":\"Groupement Seagreen: Zusammenschluss von Qualit\u00e4ts-Campingpl\u00e4tzen in Frankreich\",\"isPartOf\":{\"@id\":\"https:\/\/www.seagreen-campings.com\/#website\"},\"primaryImageOfPage\":{\"@id\":\"https:\/\/www.seagreen-campings.com\/de\/groupe-camping\/#primaryimage\"},\"image\":{\"@id\":\"https:\/\/www.seagreen-campings.com\/de\/groupe-camping\/#primaryimage\"},\"thumbnailUrl\":\"https:\/\/www.seagreen-campings.com\/wp-content\/uploads\/2018\/03\/groupe-campings-ile-de-re-1.jpg\",\"datePublished\":\"2018-03-05T14:23:54+00:00\",\"dateModified\":\"2019-12-02T15:52:49+00:00\",\"breadcrumb\":{\"@id\":\"https:\/\/www.seagreen-campings.com\/de\/groupe-camping\/#breadcrumb\"},\"inLanguage\":\"de\",\"potentialAction\":[{\"@type\":\"ReadAction\",\"target\":[\"https:\/\/www.seagreen-campings.com\/de\/groupe-camping\/\"]}]},{\"@type\":\"ImageObject\",\"inLanguage\":\"de\",\"@id\":\"https:\/\/www.seagreen-campings.com\/de\/groupe-camping\/#primaryimage\",\"url\":\"https:\/\/www.seagreen-campings.com\/wp-content\/uploads\/2018\/03\/groupe-campings-ile-de-re-1.jpg\",\"contentUrl\":\"https:\/\/www.seagreen-campings.com\/wp-content\/uploads\/2018\/03\/groupe-campings-ile-de-re-1.jpg\",\"width\":1200,\"height\":400},{\"@type\":\"BreadcrumbList\",\"@id\":\"https:\/\/www.seagreen-campings.com\/de\/groupe-camping\/#breadcrumb\",\"itemListElement\":[{\"@type\":\"ListItem\",\"position\":1,\"name\":\"Accueil\",\"item\":\"https:\/\/www.seagreen-campings.com\/de\/home\/\"},{\"@type\":\"ListItem\",\"position\":2,\"name\":\"Sea Green: Campingplatz-Zusammenschluss\"}]},{\"@type\":\"WebSite\",\"@id\":\"https:\/\/www.seagreen-campings.com\/#website\",\"url\":\"https:\/\/www.seagreen-campings.com\/\",\"name\":\"Groupement Seagreen\",\"description\":\"\",\"publisher\":{\"@id\":\"https:\/\/www.seagreen-campings.com\/#organization\"},\"potentialAction\":[{\"@type\":\"SearchAction\",\"target\":{\"@type\":\"EntryPoint\",\"urlTemplate\":\"https:\/\/www.seagreen-campings.com\/?s={search_term_string}\"},\"query-input\":{\"@type\":\"PropertyValueSpecification\",\"valueRequired\":true,\"valueName\":\"search_term_string\"}}],\"inLanguage\":\"de\"},{\"@type\":\"Organization\",\"@id\":\"https:\/\/www.seagreen-campings.com\/#organization\",\"name\":\"Groupement Seagreen\",\"url\":\"https:\/\/www.seagreen-campings.com\/\",\"logo\":{\"@type\":\"ImageObject\",\"inLanguage\":\"de\",\"@id\":\"https:\/\/www.seagreen-campings.com\/#\/schema\/logo\/image\/\",\"url\":\"\",\"contentUrl\":\"\",\"caption\":\"Groupement Seagreen\"},\"image\":{\"@id\":\"https:\/\/www.seagreen-campings.com\/#\/schema\/logo\/image\/\"}}]}<\/script>\n<!-- \/ Yoast SEO plugin. -->","yoast_head_json":{"title":"Groupement Seagreen: Zusammenschluss von Qualit\u00e4ts-Campingpl\u00e4tzen in Frankreich","robots":{"index":"index","follow":"follow","max-snippet":"max-snippet:-1","max-image-preview":"max-image-preview:large","max-video-preview":"max-video-preview:-1"},"canonical":"https:\/\/www.seagreen-campings.com\/de\/groupe-camping\/","twitter_misc":{"Gesch\u00e4tzte Lesezeit":"3\u00a0Minuten"},"schema":{"@context":"https:\/\/schema.org","@graph":[{"@type":"WebPage","@id":"https:\/\/www.seagreen-campings.com\/de\/groupe-camping\/","url":"https:\/\/www.seagreen-campings.com\/de\/groupe-camping\/","name":"Groupement Seagreen: Zusammenschluss von Qualit\u00e4ts-Campingpl\u00e4tzen in Frankreich","isPartOf":{"@id":"https:\/\/www.seagreen-campings.com\/#website"},"primaryImageOfPage":{"@id":"https:\/\/www.seagreen-campings.com\/de\/groupe-camping\/#primaryimage"},"image":{"@id":"https:\/\/www.seagreen-campings.com\/de\/groupe-camping\/#primaryimage"},"thumbnailUrl":"https:\/\/www.seagreen-campings.com\/wp-content\/uploads\/2018\/03\/groupe-campings-ile-de-re-1.jpg","datePublished":"2018-03-05T14:23:54+00:00","dateModified":"2019-12-02T15:52:49+00:00","breadcrumb":{"@id":"https:\/\/www.seagreen-campings.com\/de\/groupe-camping\/#breadcrumb"},"inLanguage":"de","potentialAction":[{"@type":"ReadAction","target":["https:\/\/www.seagreen-campings.com\/de\/groupe-camping\/"]}]},{"@type":"ImageObject","inLanguage":"de","@id":"https:\/\/www.seagreen-campings.com\/de\/groupe-camping\/#primaryimage","url":"https:\/\/www.seagreen-campings.com\/wp-content\/uploads\/2018\/03\/groupe-campings-ile-de-re-1.jpg","contentUrl":"https:\/\/www.seagreen-campings.com\/wp-content\/uploads\/2018\/03\/groupe-campings-ile-de-re-1.jpg","width":1200,"height":400},{"@type":"BreadcrumbList","@id":"https:\/\/www.seagreen-campings.com\/de\/groupe-camping\/#breadcrumb","itemListElement":[{"@type":"ListItem","position":1,"name":"Accueil","item":"https:\/\/www.seagreen-campings.com\/de\/home\/"},{"@type":"ListItem","position":2,"name":"Sea Green: Campingplatz-Zusammenschluss"}]},{"@type":"WebSite","@id":"https:\/\/www.seagreen-campings.com\/#website","url":"https:\/\/www.seagreen-campings.com\/","name":"Groupement Seagreen","description":"","publisher":{"@id":"https:\/\/www.seagreen-campings.com\/#organization"},"potentialAction":[{"@type":"SearchAction","target":{"@type":"EntryPoint","urlTemplate":"https:\/\/www.seagreen-campings.com\/?s={search_term_string}"},"query-input":{"@type":"PropertyValueSpecification","valueRequired":true,"valueName":"search_term_string"}}],"inLanguage":"de"},{"@type":"Organization","@id":"https:\/\/www.seagreen-campings.com\/#organization","name":"Groupement Seagreen","url":"https:\/\/www.seagreen-campings.com\/","logo":{"@type":"ImageObject","inLanguage":"de","@id":"https:\/\/www.seagreen-campings.com\/#\/schema\/logo\/image\/","url":"","contentUrl":"","caption":"Groupement Seagreen"},"image":{"@id":"https:\/\/www.seagreen-campings.com\/#\/schema\/logo\/image\/"}}]}},"_links":{"self":[{"href":"https:\/\/www.seagreen-campings.com\/de\/wp-json\/wp\/v2\/pages\/682"}],"collection":[{"href":"https:\/\/www.seagreen-campings.com\/de\/wp-json\/wp\/v2\/pages"}],"about":[{"href":"https:\/\/www.seagreen-campings.com\/de\/wp-json\/wp\/v2\/types\/page"}],"author":[{"embeddable":true,"href":"https:\/\/www.seagreen-campings.com\/de\/wp-json\/wp\/v2\/users\/1"}],"replies":[{"embeddable":true,"href":"https:\/\/www.seagreen-campings.com\/de\/wp-json\/wp\/v2\/comments?post=682"}],"version-history":[{"count":2,"href":"https:\/\/www.seagreen-campings.com\/de\/wp-json\/wp\/v2\/pages\/682\/revisions"}],"predecessor-version":[{"id":1936,"href":"https:\/\/www.seagreen-campings.com\/de\/wp-json\/wp\/v2\/pages\/682\/revisions\/1936"}],"wp:featuredmedia":[{"embeddable":true,"href":"https:\/\/www.seagreen-campings.com\/de\/wp-json\/wp\/v2\/media\/684"}],"wp:attachment":[{"href":"https:\/\/www.seagreen-campings.com\/de\/wp-json\/wp\/v2\/media?parent=682"}],"curies":[{"name":"wp","href":"https:\/\/api.w.org\/{rel}","templated":true}]}}