{"id":640,"date":"2018-03-12T10:21:51","date_gmt":"2018-03-12T09:21:51","guid":{"rendered":"https:\/\/www.seagreen-campings.com\/mobil-home-privilege-connect-2-chambres\/"},"modified":"2019-01-18T14:10:09","modified_gmt":"2019-01-18T13:10:09","slug":"mobil-home-privilege-connect-2-bedrooms","status":"publish","type":"page","link":"https:\/\/www.seagreen-campings.com\/en\/become-owner\/mobil-home-privilege-connect-2-bedrooms\/","title":{"rendered":"Privilege Connect Mobile Home 2 Bedrooms"},"content":{"rendered":"<p>[vc_row el_class=&#8221;page-bggrey&#8221; css=&#8221;.vc_custom_1519153106746{padding-top: 50px !important;padding-bottom: 50px !important;}&#8221;][vc_column][vc_row_inner equal_height=&#8221;yes&#8221; content_placement=&#8221;middle&#8221; el_class=&#8221;wrap&#8221;][vc_column_inner el_class=&#8221;bgwhite&#8221; width=&#8221;1\/2&#8243;][vc_column_text css=&#8221;.vc_custom_1547817006278{margin-bottom: 0px !important;padding-top: 35px !important;padding-right: 35px !important;padding-bottom: 35px !important;padding-left: 35px !important;}&#8221;]<strong>Capacity:<\/strong><\/p>\n<p>4-6 people<\/p>\n<p><strong>Bedrooms:<\/strong><\/p>\n<p>2<\/p>\n<p><strong>Bathroom:<\/strong><\/p>\n<p>1<\/p>\n<p><strong>Dimensions:<\/strong><\/p>\n<p>9.35 m x 4 m<\/p>\n<p><a class=\"bouton\" href=\"https:\/\/youtu.be\/UP-rDwmkfQ4\" target=\"_blank\" rel=\"noopener\">The mobile home in video<\/a>[\/vc_column_text][\/vc_column_inner][vc_column_inner width=&#8221;1\/2&#8243;][vc_single_image image=&#8221;413&#8243; img_size=&#8221;full&#8221;][\/vc_column_inner][\/vc_row_inner][\/vc_column][\/vc_row][vc_row el_class=&#8221;center bgwhite&#8221; css=&#8221;.vc_custom_1520847536413{padding-top: 50px !important;padding-bottom: 50px !important;}&#8221;][vc_column][vc_row_inner el_class=&#8221;wrap&#8221;][vc_column_inner width=&#8221;1\/2&#8243;][vc_single_image image=&#8221;418&#8243; img_size=&#8221;full&#8221; alignment=&#8221;center&#8221;][\/vc_column_inner][vc_column_inner width=&#8221;1\/2&#8243;][vc_single_image image=&#8221;415&#8243; img_size=&#8221;full&#8221; alignment=&#8221;center&#8221;][\/vc_column_inner][\/vc_row_inner][vc_single_image image=&#8221;416&#8243; img_size=&#8221;full&#8221; alignment=&#8221;center&#8221;][vc_column_text]<\/p>\n<p style=\"text-align: center;\">Non-contractual photos.<\/p>\n<p>[\/vc_column_text][\/vc_column][\/vc_row][vc_row css=&#8221;.vc_custom_1518603850833{background-color: #edeff1 !important;}&#8221;][vc_column el_class=&#8221;wrap center&#8221;][vc_column_text el_class=&#8221;grey_color border-bottom wrap&#8221;]<\/p>\n<h2 style=\"text-align: center;\"><strong>Contact us<\/strong><\/h2>\n<p>[\/vc_column_text][vc_row_inner el_class=&#8221;wrap center&#8221;][vc_column_inner width=&#8221;7\/12&#8243;]\n<div class=\"wpcf7 no-js\" id=\"wpcf7-f429-o1\" lang=\"fr-FR\" dir=\"ltr\">\n<div class=\"screen-reader-response\"><p role=\"status\" aria-live=\"polite\" aria-atomic=\"true\"><\/p> <ul><\/ul><\/div>\n<form action=\"\/en\/wp-json\/wp\/v2\/pages\/640#wpcf7-f429-o1\" method=\"post\" class=\"wpcf7-form init\" aria-label=\"Formulaire de contact\" novalidate=\"novalidate\" data-status=\"init\">\n<div style=\"display: none;\">\n<input type=\"hidden\" name=\"_wpcf7\" value=\"429\" \/>\n<input type=\"hidden\" name=\"_wpcf7_version\" value=\"5.9.8\" \/>\n<input type=\"hidden\" name=\"_wpcf7_locale\" value=\"fr_FR\" \/>\n<input type=\"hidden\" name=\"_wpcf7_unit_tag\" value=\"wpcf7-f429-o1\" \/>\n<input type=\"hidden\" name=\"_wpcf7_container_post\" value=\"0\" \/>\n<input type=\"hidden\" name=\"_wpcf7_posted_data_hash\" value=\"\" \/>\n<input type=\"hidden\" name=\"_wpcf7_recaptcha_response\" value=\"\" \/>\n<\/div>\n<div class=\"row\">\n\t<div class=\"col-md-6\" style=\"padding-right:6px;\">\n\t\t<p><span class=\"wpcf7-form-control-wrap\" data-name=\"nom\"><input size=\"40\" maxlength=\"400\" class=\"wpcf7-form-control wpcf7-text wpcf7-validates-as-required\" aria-required=\"true\" aria-invalid=\"false\" placeholder=\"Nom\" value=\"\" type=\"text\" name=\"nom\" \/><\/span>\n\t\t<\/p>\n\t<\/div>\n\t<div class=\"col-md-6\" style=\"padding-left:6px;\">\n\t\t<p><span class=\"wpcf7-form-control-wrap\" data-name=\"prenom\"><input size=\"40\" maxlength=\"400\" class=\"wpcf7-form-control wpcf7-text wpcf7-validates-as-required\" aria-required=\"true\" aria-invalid=\"false\" placeholder=\"Pr\u00e9nom\" value=\"\" type=\"text\" name=\"prenom\" \/><\/span>\n\t\t<\/p>\n\t<\/div>\n<\/div>\n<div class=\"row\">\n\t<div class=\"col-md-6\" style=\"padding-right:6px;\">\n\t\t<p><span class=\"wpcf7-form-control-wrap\" data-name=\"email\"><input size=\"40\" maxlength=\"400\" class=\"wpcf7-form-control wpcf7-email wpcf7-validates-as-required wpcf7-text wpcf7-validates-as-email\" aria-required=\"true\" aria-invalid=\"false\" placeholder=\"Email\" value=\"\" type=\"email\" name=\"email\" \/><\/span>\n\t\t<\/p>\n\t<\/div>\n\t<div class=\"col-md-6\" style=\"padding-right: 15px;padding-left: 5px;\">\n\t\t<p><span class=\"wpcf7-form-control-wrap\" data-name=\"tel-605\"><input size=\"40\" maxlength=\"400\" class=\"wpcf7-form-control wpcf7-tel wpcf7-text wpcf7-validates-as-tel\" aria-invalid=\"false\" value=\"Num\u00e9ro de t\u00e9l\u00e9phone\" type=\"tel\" name=\"tel-605\" \/><\/span>\n\t\t<\/p>\n\t<\/div>\n<\/div>\n<p><span class=\"wpcf7-form-control-wrap\" data-name=\"message\"><textarea cols=\"40\" rows=\"10\" maxlength=\"2000\" class=\"wpcf7-form-control wpcf7-textarea\" aria-invalid=\"false\" placeholder=\"Votre message...\" name=\"message\"><\/textarea><\/span>\n<\/p>\n<div class=\"recaptcha-pos\">\n\n<\/div>\n<p><span class=\"wpcf7-form-control-wrap\" data-name=\"acceptance-807\"><span class=\"wpcf7-form-control wpcf7-acceptance\"><span class=\"wpcf7-list-item\"><label><input type=\"checkbox\" name=\"acceptance-807\" value=\"1\" aria-invalid=\"false\" \/><span class=\"wpcf7-list-item-label\">En cochant cette case, j\u2019accepte la <a href=\"\/politique-de-confidentialite\/\"rel=\"nofollow\"target=\"_blank\">Politique de confidentialit\u00e9<\/a>de ce site.<\/span><\/label><\/span><\/span><\/span><br \/>\n<input class=\"wpcf7-form-control wpcf7-submit has-spinner\" type=\"submit\" value=\"Envoyer\" \/>\n<\/p><div class=\"wpcf7-response-output\" aria-hidden=\"true\"><\/div>\n<\/form>\n<\/div>\n[vc_column_text el_class=&#8221;grey_color&#8221;]By phone:\u00a0<strong>+33 5 64 10 20 20<\/strong>[\/vc_column_text][\/vc_column_inner][vc_column_inner width=&#8221;5\/12&#8243;][vc_raw_html el_class=&#8221;cta-txt&#8221;]JTNDYSUyMGhyZWYlM0QlMjIlMkZkZXZlbmV6LXByb3ByaWV0YWlyZSUyRm1vYmlsLWhvbWUtcHJpdmlsZWdlLWNvbm5lY3QtMy1jaGFtYnJlcyUyRiUyMiUzRSUzQ2RpdiUyMGNsYXNzJTNEJTIyaW1hZ2UtY29udGFpbmVyJTIyJTNFJTBBJTNDaW1nJTIwc3JjJTNEJTIyJTJGd3AtY29udGVudCUyRnVwbG9hZHMlMkYyMDE4JTJGMDMlMkZQcml2aWxlZ2UtQ29ubmVjdC0zLUNoYW1icmVzLmpwZyUyMiUyMGFsdCUzRCUyMlByaXZpbGVnZSUyMGNvbm5lY3QlMjAzJTIwY2hhbWJyZXMlMjIlM0UlMEElM0NkaXYlMjBjbGFzcyUzRCUyMmhvdmVyLWN0YSUyMiUzRSUwQSUzQ2klMjBjbGFzcyUzRCUyMmZhJTIwZmEtcGx1cyUyMiUzRSUzQyUyRmklM0UlMEElM0MlMkZkaXYlM0UlMEElM0MlMkZkaXYlM0UlMEElM0NkaXYlMjBjbGFzcyUzRCUyMnR4dC1jb250YWluZXIyJTIyJTNFJTBBJTNDcCUyMGNsYXNzJTNEJTIyc3ViLWN0YSUyMiUzRSUzQ2IlM0VQcml2aWwlQzMlQThnZSUyMENvbm5lY3QlMjAzJTIwQ2hhbWJyZXMlMjAlMjgzOS40bTIlMjklMjAlM0MlMkZiJTNFJTNBJTIwQ2FwYWNpdCVDMyVBOSUyMGQlRTIlODAlOTlhY2N1ZWlsJTIwJTNBJTIwNi04JTIwcGVycy4lMjBDaGFtYnJlcyUyMCUzQSUyMDMlMkMlMjBTYWxsZSUyMGRlJTIwYmFpbiUyMCUzQSUyMDIlMkMlMjBEaW1lbnNpb25zJTIwJTNBJTIwOSUyQzg1JTIwbSUyMHglMjA0JTIwbSUwQSUzQyUyRnAlM0UlMEElM0MlMkZkaXYlM0UlM0MlMkZhJTNF[\/vc_raw_html][\/vc_column_inner][\/vc_row_inner][\/vc_column][\/vc_row]<\/p>\n","protected":false},"excerpt":{"rendered":"<p>[vc_row el_class=&#8221;page-bggrey&#8221; css=&#8221;.vc_custom_1519153106746{padding-top: 50px !important;padding-bottom: 50px !important;}&#8221;][vc_column][vc_row_inner equal_height=&#8221;yes&#8221; content_placement=&#8221;middle&#8221; el_class=&#8221;wrap&#8221;][vc_column_inner [&hellip;]<\/p>\n<a href=\"https:\/\/www.seagreen-campings.com\/en\/become-owner\/mobil-home-privilege-connect-2-bedrooms\/\">View Post<\/a>","protected":false},"author":1,"featured_media":641,"parent":661,"menu_order":0,"comment_status":"closed","ping_status":"closed","template":"page-templates\/full.php","meta":{"_acf_changed":false,"footnotes":""},"class_list":["post-640","page","type-page","status-publish","has-post-thumbnail","hentry"],"acf":[],"yoast_head":"<!-- This site is optimized with the Yoast SEO plugin v25.3 - https:\/\/yoast.com\/wordpress\/plugins\/seo\/ -->\n<title>The Seagreen Group: 2-bedroom Privilege Mobile Home France<\/title>\n<meta name=\"robots\" content=\"index, follow, max-snippet:-1, max-image-preview:large, max-video-preview:-1\" \/>\n<link rel=\"canonical\" href=\"https:\/\/www.seagreen-campings.com\/en\/become-owner\/mobil-home-privilege-connect-2-bedrooms\/\" \/>\n<meta name=\"twitter:label1\" content=\"Est. reading time\" \/>\n\t<meta name=\"twitter:data1\" content=\"2 minutes\" \/>\n<script type=\"application\/ld+json\" class=\"yoast-schema-graph\">{\"@context\":\"https:\/\/schema.org\",\"@graph\":[{\"@type\":\"WebPage\",\"@id\":\"https:\/\/www.seagreen-campings.com\/en\/become-owner\/mobil-home-privilege-connect-2-bedrooms\/\",\"url\":\"https:\/\/www.seagreen-campings.com\/en\/become-owner\/mobil-home-privilege-connect-2-bedrooms\/\",\"name\":\"The Seagreen Group: 2-bedroom Privilege Mobile Home France\",\"isPartOf\":{\"@id\":\"https:\/\/www.seagreen-campings.com\/#website\"},\"primaryImageOfPage\":{\"@id\":\"https:\/\/www.seagreen-campings.com\/en\/become-owner\/mobil-home-privilege-connect-2-bedrooms\/#primaryimage\"},\"image\":{\"@id\":\"https:\/\/www.seagreen-campings.com\/en\/become-owner\/mobil-home-privilege-connect-2-bedrooms\/#primaryimage\"},\"thumbnailUrl\":\"https:\/\/www.seagreen-campings.com\/wp-content\/uploads\/2018\/03\/mobil-home-2-chambres.jpg\",\"datePublished\":\"2018-03-12T09:21:51+00:00\",\"dateModified\":\"2019-01-18T13:10:09+00:00\",\"breadcrumb\":{\"@id\":\"https:\/\/www.seagreen-campings.com\/en\/become-owner\/mobil-home-privilege-connect-2-bedrooms\/#breadcrumb\"},\"inLanguage\":\"en-US\",\"potentialAction\":[{\"@type\":\"ReadAction\",\"target\":[\"https:\/\/www.seagreen-campings.com\/en\/become-owner\/mobil-home-privilege-connect-2-bedrooms\/\"]}]},{\"@type\":\"ImageObject\",\"inLanguage\":\"en-US\",\"@id\":\"https:\/\/www.seagreen-campings.com\/en\/become-owner\/mobil-home-privilege-connect-2-bedrooms\/#primaryimage\",\"url\":\"https:\/\/www.seagreen-campings.com\/wp-content\/uploads\/2018\/03\/mobil-home-2-chambres.jpg\",\"contentUrl\":\"https:\/\/www.seagreen-campings.com\/wp-content\/uploads\/2018\/03\/mobil-home-2-chambres.jpg\",\"width\":1200,\"height\":400},{\"@type\":\"BreadcrumbList\",\"@id\":\"https:\/\/www.seagreen-campings.com\/en\/become-owner\/mobil-home-privilege-connect-2-bedrooms\/#breadcrumb\",\"itemListElement\":[{\"@type\":\"ListItem\",\"position\":1,\"name\":\"Accueil\",\"item\":\"https:\/\/www.seagreen-campings.com\/en\/home\/\"},{\"@type\":\"ListItem\",\"position\":2,\"name\":\"Purchasing a Mobile Home\",\"item\":\"https:\/\/www.seagreen-campings.com\/en\/become-owner\/\"},{\"@type\":\"ListItem\",\"position\":3,\"name\":\"Privilege Connect Mobile Home 2 Bedrooms\"}]},{\"@type\":\"WebSite\",\"@id\":\"https:\/\/www.seagreen-campings.com\/#website\",\"url\":\"https:\/\/www.seagreen-campings.com\/\",\"name\":\"Groupement Seagreen\",\"description\":\"\",\"publisher\":{\"@id\":\"https:\/\/www.seagreen-campings.com\/#organization\"},\"potentialAction\":[{\"@type\":\"SearchAction\",\"target\":{\"@type\":\"EntryPoint\",\"urlTemplate\":\"https:\/\/www.seagreen-campings.com\/?s={search_term_string}\"},\"query-input\":{\"@type\":\"PropertyValueSpecification\",\"valueRequired\":true,\"valueName\":\"search_term_string\"}}],\"inLanguage\":\"en-US\"},{\"@type\":\"Organization\",\"@id\":\"https:\/\/www.seagreen-campings.com\/#organization\",\"name\":\"Groupement Seagreen\",\"url\":\"https:\/\/www.seagreen-campings.com\/\",\"logo\":{\"@type\":\"ImageObject\",\"inLanguage\":\"en-US\",\"@id\":\"https:\/\/www.seagreen-campings.com\/#\/schema\/logo\/image\/\",\"url\":\"\",\"contentUrl\":\"\",\"caption\":\"Groupement Seagreen\"},\"image\":{\"@id\":\"https:\/\/www.seagreen-campings.com\/#\/schema\/logo\/image\/\"}}]}<\/script>\n<!-- \/ Yoast SEO plugin. -->","yoast_head_json":{"title":"The Seagreen Group: 2-bedroom Privilege Mobile Home France","robots":{"index":"index","follow":"follow","max-snippet":"max-snippet:-1","max-image-preview":"max-image-preview:large","max-video-preview":"max-video-preview:-1"},"canonical":"https:\/\/www.seagreen-campings.com\/en\/become-owner\/mobil-home-privilege-connect-2-bedrooms\/","twitter_misc":{"Est. reading time":"2 minutes"},"schema":{"@context":"https:\/\/schema.org","@graph":[{"@type":"WebPage","@id":"https:\/\/www.seagreen-campings.com\/en\/become-owner\/mobil-home-privilege-connect-2-bedrooms\/","url":"https:\/\/www.seagreen-campings.com\/en\/become-owner\/mobil-home-privilege-connect-2-bedrooms\/","name":"The Seagreen Group: 2-bedroom Privilege Mobile Home France","isPartOf":{"@id":"https:\/\/www.seagreen-campings.com\/#website"},"primaryImageOfPage":{"@id":"https:\/\/www.seagreen-campings.com\/en\/become-owner\/mobil-home-privilege-connect-2-bedrooms\/#primaryimage"},"image":{"@id":"https:\/\/www.seagreen-campings.com\/en\/become-owner\/mobil-home-privilege-connect-2-bedrooms\/#primaryimage"},"thumbnailUrl":"https:\/\/www.seagreen-campings.com\/wp-content\/uploads\/2018\/03\/mobil-home-2-chambres.jpg","datePublished":"2018-03-12T09:21:51+00:00","dateModified":"2019-01-18T13:10:09+00:00","breadcrumb":{"@id":"https:\/\/www.seagreen-campings.com\/en\/become-owner\/mobil-home-privilege-connect-2-bedrooms\/#breadcrumb"},"inLanguage":"en-US","potentialAction":[{"@type":"ReadAction","target":["https:\/\/www.seagreen-campings.com\/en\/become-owner\/mobil-home-privilege-connect-2-bedrooms\/"]}]},{"@type":"ImageObject","inLanguage":"en-US","@id":"https:\/\/www.seagreen-campings.com\/en\/become-owner\/mobil-home-privilege-connect-2-bedrooms\/#primaryimage","url":"https:\/\/www.seagreen-campings.com\/wp-content\/uploads\/2018\/03\/mobil-home-2-chambres.jpg","contentUrl":"https:\/\/www.seagreen-campings.com\/wp-content\/uploads\/2018\/03\/mobil-home-2-chambres.jpg","width":1200,"height":400},{"@type":"BreadcrumbList","@id":"https:\/\/www.seagreen-campings.com\/en\/become-owner\/mobil-home-privilege-connect-2-bedrooms\/#breadcrumb","itemListElement":[{"@type":"ListItem","position":1,"name":"Accueil","item":"https:\/\/www.seagreen-campings.com\/en\/home\/"},{"@type":"ListItem","position":2,"name":"Purchasing a Mobile Home","item":"https:\/\/www.seagreen-campings.com\/en\/become-owner\/"},{"@type":"ListItem","position":3,"name":"Privilege Connect Mobile Home 2 Bedrooms"}]},{"@type":"WebSite","@id":"https:\/\/www.seagreen-campings.com\/#website","url":"https:\/\/www.seagreen-campings.com\/","name":"Groupement Seagreen","description":"","publisher":{"@id":"https:\/\/www.seagreen-campings.com\/#organization"},"potentialAction":[{"@type":"SearchAction","target":{"@type":"EntryPoint","urlTemplate":"https:\/\/www.seagreen-campings.com\/?s={search_term_string}"},"query-input":{"@type":"PropertyValueSpecification","valueRequired":true,"valueName":"search_term_string"}}],"inLanguage":"en-US"},{"@type":"Organization","@id":"https:\/\/www.seagreen-campings.com\/#organization","name":"Groupement Seagreen","url":"https:\/\/www.seagreen-campings.com\/","logo":{"@type":"ImageObject","inLanguage":"en-US","@id":"https:\/\/www.seagreen-campings.com\/#\/schema\/logo\/image\/","url":"","contentUrl":"","caption":"Groupement Seagreen"},"image":{"@id":"https:\/\/www.seagreen-campings.com\/#\/schema\/logo\/image\/"}}]}},"_links":{"self":[{"href":"https:\/\/www.seagreen-campings.com\/en\/wp-json\/wp\/v2\/pages\/640"}],"collection":[{"href":"https:\/\/www.seagreen-campings.com\/en\/wp-json\/wp\/v2\/pages"}],"about":[{"href":"https:\/\/www.seagreen-campings.com\/en\/wp-json\/wp\/v2\/types\/page"}],"author":[{"embeddable":true,"href":"https:\/\/www.seagreen-campings.com\/en\/wp-json\/wp\/v2\/users\/1"}],"replies":[{"embeddable":true,"href":"https:\/\/www.seagreen-campings.com\/en\/wp-json\/wp\/v2\/comments?post=640"}],"version-history":[{"count":4,"href":"https:\/\/www.seagreen-campings.com\/en\/wp-json\/wp\/v2\/pages\/640\/revisions"}],"predecessor-version":[{"id":1664,"href":"https:\/\/www.seagreen-campings.com\/en\/wp-json\/wp\/v2\/pages\/640\/revisions\/1664"}],"up":[{"embeddable":true,"href":"https:\/\/www.seagreen-campings.com\/en\/wp-json\/wp\/v2\/pages\/661"}],"wp:featuredmedia":[{"embeddable":true,"href":"https:\/\/www.seagreen-campings.com\/en\/wp-json\/wp\/v2\/media\/641"}],"wp:attachment":[{"href":"https:\/\/www.seagreen-campings.com\/en\/wp-json\/wp\/v2\/media?parent=640"}],"curies":[{"name":"wp","href":"https:\/\/api.w.org\/{rel}","templated":true}]}}