{"id":1969,"date":"2020-03-20T09:11:25","date_gmt":"2020-03-20T08:11:25","guid":{"rendered":"https:\/\/www.seagreen-campings.com\/informations-coronavirus\/"},"modified":"2020-06-12T10:47:53","modified_gmt":"2020-06-12T08:47:53","slug":"noticias","status":"publish","type":"page","link":"https:\/\/www.seagreen-campings.com\/es\/noticias\/","title":{"rendered":"Noticias"},"content":{"rendered":"<p>[vc_row][vc_column][vc_column_text]<\/p>\n<h1 style=\"text-align: center; color: #00ab8e;\">Nuestros compromisos para las vacaciones de 2020:<\/h1>\n<p style=\"text-align: center;\">Choupette y los equipos de Sea Green est\u00e1n preparando activamente la reapertura de sus 7 campings en Francia y Espa\u00f1a.<\/p>\n<p style=\"text-align: center;\">Para ofrecerle unas vacaciones con total tranquilidad, hemos implementado varias medidas de salud.<\/p>\n<p style=\"text-align: center;\">Estos compromisos est\u00e1n en proceso de certificaci\u00f3n por parte de DEKRA Certficacion .<\/p>\n<p style=\"text-align: center;\"><a href=\"https:\/\/www.dekra-certification.fr\/actualites-dekra-certification\/les-campings-sea-green-font-confiance-a-dekra-certification.html\">Conoce m\u00e1s &gt;&gt;<\/a><\/p>\n<p>[\/vc_column_text][vc_single_image image=\u00bb2100&#8243; img_size=\u00bblarge\u00bb alignment=\u00bbcenter\u00bb onclick=\u00bbcustom_link\u00bb img_link_target=\u00bb_blank\u00bb link=\u00bbhttps:\/\/www.dekra-certification.fr\/actualites-dekra-certification\/les-campings-sea-green-font-confiance-a-dekra-certification.html\u00bb][\/vc_column][\/vc_row][vc_row][vc_column][vc_empty_space height=\u00bb60px\u00bb][\/vc_column][\/vc_row][vc_row][vc_column width=\u00bb1\/2&#8243;][vc_single_image image=\u00bb2161&#8243; img_size=\u00bblarge\u00bb][\/vc_column][vc_column width=\u00bb1\/2&#8243;][vc_single_image image=\u00bb2156&#8243; img_size=\u00bblarge\u00bb][\/vc_column][\/vc_row][vc_row][vc_column][vc_column_text]<\/p>\n<h1 style=\"text-align: center; color: #00ab8e;\">Las respuestas a todas sus preguntas para sus pr\u00f3ximas vacaciones.<\/h1>\n<p>&nbsp;<\/p>\n<h4 style=\"color: #00ab8e;\"><strong>&gt; &gt; &gt; Condiciones de reserva: :<\/strong><\/h4>\n<p>Dep\u00f3sito del 10% en la reserva: el saldo a m\u00e1s tardar 8 d\u00edas antes de la llegada.<\/p>\n<h4 style=\"color: #00ab8e;\"><strong>&gt; &gt; &gt; Condiciones de cancelaci\u00f3n: :<\/strong><\/h4>\n<p>Para todas las reservas desde el 11 de mayo para una estad\u00eda realizada entre el 2 de junio y el 31 de octubre, si nuestro establecimiento est\u00e1 cerrado por un decreto, le reembolsaremos el dep\u00f3sito pagado.<br \/>\nSi decide no honrar su estad\u00eda por X motivo y estamos abiertos, perder\u00e1 el dep\u00f3sito pagado.<\/p>\n<h4 style=\"color: #00ab8e;\"><strong>&gt; &gt; &gt; Sea Green se adapta y le ofrece una estancia a la carta :<\/strong><\/h4>\n<p>Ya puedes reservar desde 3 noches durante todo el verano.<\/p>\n<h4 style=\"color: #00ab8e;\"><strong>&gt; &gt; &gt; En Sea Green, su seguridad est\u00e1 por encima de todo: :<\/strong><\/h4>\n<p>&#8211; La formaci\u00f3n de nuestros equipos<br \/>\n&#8211; Una carta especial de calidad Covid 19<br \/>\nTen en cuenta que respetar el distanciamiento social no es tan complicado cuando acampas, est\u00e1s rodeado de naturaleza, aprovecha la oportunidad para relajarte, \u00a1al\u00e9jate de todo!<\/p>\n<h4 style=\"color: #00ab8e;\"><strong>&gt; &gt; &gt; Punto de informaci\u00f3n de la piscina: :<\/strong><\/h4>\n<p>\u00a1S\u00ed, estar\u00e1n bien abiertos todos los d\u00edas de 10 AM. a 20 PM. !<br \/>\nSe procesan y prueban antes de abrir.<br \/>\nSe cerrar\u00e1n de 1 p.m. a 2 p.m. para desinfectar las cubiertas de la piscina.<br \/>\nUn supervisor de nataci\u00f3n estar\u00e1 all\u00ed para darle la bienvenida, abrir la puerta de acceso y regular la entrada si es necesario los 7 d\u00edas de la semana.<\/p>\n<h4 style=\"color: #00ab8e;\"><strong>&gt; &gt; &gt; Punto de informaci\u00f3n de desinfecci\u00f3n de casas m\u00f3viles :<\/strong><\/h4>\n<p>Nuestros equipos son profesionales, utilizan productos adaptados y respetan un protocolo estricto.<br \/>\nSu alojamiento ser\u00e1 desinfectado con ozono.<br \/>\nLas mantas se retiran para su comodidad.<\/p>\n<h4 style=\"color: #00ab8e;\"><strong>&gt; &gt; &gt; Punto de informaci\u00f3n \u00abSu llegada al sitio\u00bb :<\/strong><\/h4>\n<p>&#8211; Registro r\u00e1pido y f\u00e1cil: solicitamos la mayor cantidad de informaci\u00f3n posible antes de su llegada.<br \/>\n&#8211; Instalaci\u00f3n de una unidad de recepci\u00f3n: no es necesario abandonar su veh\u00edculo.<br \/>\n&#8211; Proporcione todas las informaciones obligatorias de policia antes de su llegada. (passaporte, DNI, Fecha de nacimiento)<br \/>\n&#8211; Tomar el dep\u00f3sito es obligatorio antes de la llegada, 100% seguro y sin contacto.<\/p>\n<h4 style=\"color: #00ab8e;\"><strong>&gt; &gt; &gt; Punto de informaci\u00f3n de animaci\u00f3n :<\/strong><\/h4>\n<p>Animaci\u00f3n se mantiene y el horario se le comunicar\u00e1 el d\u00eda de su llegada para su estad\u00eda.<br \/>\nSin embargo, tendremos que adaptarnos al contexto actual (propuesta para actividades al aire libre).<br \/>\nNuestro equipo ya est\u00e1 trabajando para entretener su estad\u00eda.<\/p>\n<h4 style=\"color: #00ab8e;\"><strong>&gt; &gt; &gt; Restaurante Info Point Bar :<\/strong><\/h4>\n<p>\u00bfUn mojito por favor? Esto es posible respetando el distanciamiento social.<br \/>\nUna pizza ? \u00bfLlevar para las 8 p.m.<br \/>\nSin olvidar el men\u00fa tradicional y los productos locales para disfrutar para llevar o al aire libre.<\/p>\n<h4 style=\"color: #00ab8e;\"><strong>&gt; &gt; &gt; Punto de informaci\u00f3n para regulaciones de estad\u00eda :<\/strong><\/h4>\n<p>A trav\u00e9s de su \u00e1rea de clientes en nuestro sitio web. Le proporcionamos sus credenciales de acceso al momento de la reserva.<\/p>\n<h4 style=\"color: #00ab8e;\"><strong>&gt; &gt; &gt; C\u00f3mo aprovechar sus activos :<\/strong><\/h4>\n<p>Se procedi\u00f3 a la cancelaci\u00f3n de su estad\u00eda inicial en vista de nuestro cierre administrativo, por lo tanto, se procedi\u00f3 a un cr\u00e9dito de las sumas pagadas y el monto est\u00e1 bien guardado en su cuenta de cliente.<br \/>\nPuede contactarnos por correo electr\u00f3nico o por tel\u00e9fono para registrar su nueva estad\u00eda y la descontaremos.<br \/>\n[\/vc_column_text][\/vc_column][\/vc_row]<\/p>\n","protected":false},"excerpt":{"rendered":"<p>[vc_row][vc_column][vc_column_text] Nuestros compromisos para las vacaciones de 2020: Choupette y [&hellip;]<\/p>\n<a href=\"https:\/\/www.seagreen-campings.com\/es\/noticias\/\">View Post<\/a>","protected":false},"author":1,"featured_media":1576,"parent":0,"menu_order":0,"comment_status":"closed","ping_status":"closed","template":"","meta":{"_acf_changed":false,"footnotes":""},"class_list":["post-1969","page","type-page","status-publish","has-post-thumbnail","hentry"],"acf":[],"yoast_head":"<!-- This site is optimized with the Yoast SEO plugin v25.3 - https:\/\/yoast.com\/wordpress\/plugins\/seo\/ -->\n<title>Noticias - Groupement Seagreen<\/title>\n<meta name=\"robots\" content=\"noindex, nofollow\" \/>\n<meta name=\"twitter:label1\" content=\"Tiempo de lectura\" \/>\n\t<meta name=\"twitter:data1\" content=\"4 minutos\" \/>\n<script type=\"application\/ld+json\" class=\"yoast-schema-graph\">{\"@context\":\"https:\/\/schema.org\",\"@graph\":[{\"@type\":\"WebPage\",\"@id\":\"https:\/\/www.seagreen-campings.com\/es\/noticias\/\",\"url\":\"https:\/\/www.seagreen-campings.com\/es\/noticias\/\",\"name\":\"Noticias - Groupement Seagreen\",\"isPartOf\":{\"@id\":\"https:\/\/www.seagreen-campings.com\/#website\"},\"primaryImageOfPage\":{\"@id\":\"https:\/\/www.seagreen-campings.com\/es\/noticias\/#primaryimage\"},\"image\":{\"@id\":\"https:\/\/www.seagreen-campings.com\/es\/noticias\/#primaryimage\"},\"thumbnailUrl\":\"https:\/\/www.seagreen-campings.com\/wp-content\/uploads\/2018\/06\/camping-cala-llevado-costa-bavara.jpg\",\"datePublished\":\"2020-03-20T08:11:25+00:00\",\"dateModified\":\"2020-06-12T08:47:53+00:00\",\"breadcrumb\":{\"@id\":\"https:\/\/www.seagreen-campings.com\/es\/noticias\/#breadcrumb\"},\"inLanguage\":\"es\",\"potentialAction\":[{\"@type\":\"ReadAction\",\"target\":[\"https:\/\/www.seagreen-campings.com\/es\/noticias\/\"]}]},{\"@type\":\"ImageObject\",\"inLanguage\":\"es\",\"@id\":\"https:\/\/www.seagreen-campings.com\/es\/noticias\/#primaryimage\",\"url\":\"https:\/\/www.seagreen-campings.com\/wp-content\/uploads\/2018\/06\/camping-cala-llevado-costa-bavara.jpg\",\"contentUrl\":\"https:\/\/www.seagreen-campings.com\/wp-content\/uploads\/2018\/06\/camping-cala-llevado-costa-bavara.jpg\",\"width\":1200,\"height\":400},{\"@type\":\"BreadcrumbList\",\"@id\":\"https:\/\/www.seagreen-campings.com\/es\/noticias\/#breadcrumb\",\"itemListElement\":[{\"@type\":\"ListItem\",\"position\":1,\"name\":\"Accueil\",\"item\":\"https:\/\/www.seagreen-campings.com\/es\/home\/\"},{\"@type\":\"ListItem\",\"position\":2,\"name\":\"Noticias\"}]},{\"@type\":\"WebSite\",\"@id\":\"https:\/\/www.seagreen-campings.com\/#website\",\"url\":\"https:\/\/www.seagreen-campings.com\/\",\"name\":\"Groupement Seagreen\",\"description\":\"\",\"publisher\":{\"@id\":\"https:\/\/www.seagreen-campings.com\/#organization\"},\"potentialAction\":[{\"@type\":\"SearchAction\",\"target\":{\"@type\":\"EntryPoint\",\"urlTemplate\":\"https:\/\/www.seagreen-campings.com\/?s={search_term_string}\"},\"query-input\":{\"@type\":\"PropertyValueSpecification\",\"valueRequired\":true,\"valueName\":\"search_term_string\"}}],\"inLanguage\":\"es\"},{\"@type\":\"Organization\",\"@id\":\"https:\/\/www.seagreen-campings.com\/#organization\",\"name\":\"Groupement Seagreen\",\"url\":\"https:\/\/www.seagreen-campings.com\/\",\"logo\":{\"@type\":\"ImageObject\",\"inLanguage\":\"es\",\"@id\":\"https:\/\/www.seagreen-campings.com\/#\/schema\/logo\/image\/\",\"url\":\"\",\"contentUrl\":\"\",\"caption\":\"Groupement Seagreen\"},\"image\":{\"@id\":\"https:\/\/www.seagreen-campings.com\/#\/schema\/logo\/image\/\"}}]}<\/script>\n<!-- \/ Yoast SEO plugin. -->","yoast_head_json":{"title":"Noticias - Groupement Seagreen","robots":{"index":"noindex","follow":"nofollow"},"twitter_misc":{"Tiempo de lectura":"4 minutos"},"schema":{"@context":"https:\/\/schema.org","@graph":[{"@type":"WebPage","@id":"https:\/\/www.seagreen-campings.com\/es\/noticias\/","url":"https:\/\/www.seagreen-campings.com\/es\/noticias\/","name":"Noticias - Groupement Seagreen","isPartOf":{"@id":"https:\/\/www.seagreen-campings.com\/#website"},"primaryImageOfPage":{"@id":"https:\/\/www.seagreen-campings.com\/es\/noticias\/#primaryimage"},"image":{"@id":"https:\/\/www.seagreen-campings.com\/es\/noticias\/#primaryimage"},"thumbnailUrl":"https:\/\/www.seagreen-campings.com\/wp-content\/uploads\/2018\/06\/camping-cala-llevado-costa-bavara.jpg","datePublished":"2020-03-20T08:11:25+00:00","dateModified":"2020-06-12T08:47:53+00:00","breadcrumb":{"@id":"https:\/\/www.seagreen-campings.com\/es\/noticias\/#breadcrumb"},"inLanguage":"es","potentialAction":[{"@type":"ReadAction","target":["https:\/\/www.seagreen-campings.com\/es\/noticias\/"]}]},{"@type":"ImageObject","inLanguage":"es","@id":"https:\/\/www.seagreen-campings.com\/es\/noticias\/#primaryimage","url":"https:\/\/www.seagreen-campings.com\/wp-content\/uploads\/2018\/06\/camping-cala-llevado-costa-bavara.jpg","contentUrl":"https:\/\/www.seagreen-campings.com\/wp-content\/uploads\/2018\/06\/camping-cala-llevado-costa-bavara.jpg","width":1200,"height":400},{"@type":"BreadcrumbList","@id":"https:\/\/www.seagreen-campings.com\/es\/noticias\/#breadcrumb","itemListElement":[{"@type":"ListItem","position":1,"name":"Accueil","item":"https:\/\/www.seagreen-campings.com\/es\/home\/"},{"@type":"ListItem","position":2,"name":"Noticias"}]},{"@type":"WebSite","@id":"https:\/\/www.seagreen-campings.com\/#website","url":"https:\/\/www.seagreen-campings.com\/","name":"Groupement Seagreen","description":"","publisher":{"@id":"https:\/\/www.seagreen-campings.com\/#organization"},"potentialAction":[{"@type":"SearchAction","target":{"@type":"EntryPoint","urlTemplate":"https:\/\/www.seagreen-campings.com\/?s={search_term_string}"},"query-input":{"@type":"PropertyValueSpecification","valueRequired":true,"valueName":"search_term_string"}}],"inLanguage":"es"},{"@type":"Organization","@id":"https:\/\/www.seagreen-campings.com\/#organization","name":"Groupement Seagreen","url":"https:\/\/www.seagreen-campings.com\/","logo":{"@type":"ImageObject","inLanguage":"es","@id":"https:\/\/www.seagreen-campings.com\/#\/schema\/logo\/image\/","url":"","contentUrl":"","caption":"Groupement Seagreen"},"image":{"@id":"https:\/\/www.seagreen-campings.com\/#\/schema\/logo\/image\/"}}]}},"_links":{"self":[{"href":"https:\/\/www.seagreen-campings.com\/es\/wp-json\/wp\/v2\/pages\/1969"}],"collection":[{"href":"https:\/\/www.seagreen-campings.com\/es\/wp-json\/wp\/v2\/pages"}],"about":[{"href":"https:\/\/www.seagreen-campings.com\/es\/wp-json\/wp\/v2\/types\/page"}],"author":[{"embeddable":true,"href":"https:\/\/www.seagreen-campings.com\/es\/wp-json\/wp\/v2\/users\/1"}],"replies":[{"embeddable":true,"href":"https:\/\/www.seagreen-campings.com\/es\/wp-json\/wp\/v2\/comments?post=1969"}],"version-history":[{"count":7,"href":"https:\/\/www.seagreen-campings.com\/es\/wp-json\/wp\/v2\/pages\/1969\/revisions"}],"predecessor-version":[{"id":2168,"href":"https:\/\/www.seagreen-campings.com\/es\/wp-json\/wp\/v2\/pages\/1969\/revisions\/2168"}],"wp:featuredmedia":[{"embeddable":true,"href":"https:\/\/www.seagreen-campings.com\/es\/wp-json\/wp\/v2\/media\/1576"}],"wp:attachment":[{"href":"https:\/\/www.seagreen-campings.com\/es\/wp-json\/wp\/v2\/media?parent=1969"}],"curies":[{"name":"wp","href":"https:\/\/api.w.org\/{rel}","templated":true}]}}